{"id":1000005316,"date":"2013-10-17T12:36:34","date_gmt":"2013-10-17T12:36:34","guid":{"rendered":"https:\/\/breeder.directory\/lahar-kee\/blog\/"},"modified":"2023-10-08T09:47:04","modified_gmt":"2023-10-08T07:47:04","slug":"blog","status":"publish","type":"page","link":"https:\/\/breeder.directory\/lahar-kee\/tr\/blog\/","title":{"rendered":"Facebook Feed"},"content":{"rendered":"\t\t<div data-elementor-type=\"wp-page\" data-elementor-id=\"1000005316\" class=\"elementor elementor-1000005316 elementor-1815\" data-elementor-post-type=\"page\">\n\t\t\t\t<div class=\"elementor-element elementor-element-1f407d2e e-flex e-con-boxed e-con e-parent\" data-id=\"1f407d2e\" data-element_type=\"container\" data-e-type=\"container\">\n\t\t\t\t\t<div class=\"e-con-inner\">\n\t\t\t\t<div class=\"elementor-element elementor-element-eeffc29 elementor-widget__width-initial elementor-widget elementor-widget-shortcode\" data-id=\"eeffc29\" data-element_type=\"widget\" data-e-type=\"widget\" data-widget_type=\"shortcode.default\">\n\t\t\t\t<div class=\"elementor-widget-container\">\n\t\t\t\t\t\t\t<div class=\"elementor-shortcode\"><div class=\"cff-wrapper\">\t<div id=\"cff-visual-header-146283071898048\" class=\"cff-visual-header cff-has-name cff-has-about\">\n\t\t\t\t\t\t<div class=\"cff-header-inner-wrap\">\n\t\t\t\t\t\t<div class=\"cff-header-text\" >\n\n\t\t\t\t\t\t\t<a href=\"https:\/\/facebook.com\/146283071898048\" target=\"_blank\" rel=\"nofollow noopener\" title=\"\" class=\"cff-header-name\"><h3 style=\"font-size:inheritpx;\"><\/h3><\/a>\n\t\t\t\t\t\t\t\t\t\t\t\t<\/div>\n\t\t<\/div>\n\t<\/div>\n<div class=\"cff-wrapper-ctn \" ><div id=\"cff\"  class=\"cff cff-list-container  cff-default-styles  cff-mob-cols-1 cff-tab-cols-1\"   style=\"width:100%;\"   data-char=\"400\" ><div class=\"cff-error-msg\">\n\t<div>\n\t\t<i class=\"fa fa-lock\" aria-hidden=\"true\" style=\"margin-right: 5px;\"><\/i><b>Bu iletiyi yaln\u0131zca y\u00f6neticiler g\u00f6rebilir.<\/b><br\/>\n\t\tFacebook g\u00f6nderileri g\u00f6r\u00fcnt\u00fclenirken sorun ya\u015fan\u0131yor.\t\t\t\t\t<br\/><a href=\"javascript:void(0);\" id=\"cff-show-error\" onclick=\"cffShowError()\">Hatay\u0131 g\u00f6stermek i\u00e7in t\u0131klay\u0131n<\/a>\n\t\t\t<script type=\"text\/javascript\">function cffShowError() { document.getElementById(\"cff-error-reason\").style.display = \"block\"; document.getElementById(\"cff-show-error\").style.display = \"none\"; }<\/script>\n\t\t\t<\/div>\n\t\t\t<div id=\"cff-error-reason\">\n\t\t\t\t\t\t\t\t\t\t\t\t\t\t\t\t\t\t\t\t\t\t\t\t\t\t\t\t\t\t\t\t\t<b>Hata:<\/b> Bu Facebook kimli\u011fi i\u00e7in hi\u00e7bir g\u00f6nderi mevcut de\u011fil\t\t\t\t\t\t\t\t\n\t\t\t<\/div>\n\t\t\t\t\n<\/div>\n<div class=\"cff-posts-wrap\"><\/div><input class=\"cff-pag-url\" type=\"hidden\" data-locatornonce=\"4426f35fd4\" data-cff-shortcode=\"{&quot;feed&quot;: &quot;1&quot;}\" data-post-id=\"1000005316\" data-feed-id=\"146283071898048\"><\/div><\/div><div class=\"cff-clear\"><\/div><\/div><\/div>\n\t\t\t\t\t\t<\/div>\n\t\t\t\t<\/div>\n\t\t\t\t\t<\/div>\n\t\t\t\t<\/div>\n\t\t\t\t<\/div>\n\t\t","protected":false},"excerpt":{"rendered":"","protected":false},"author":1,"featured_media":0,"parent":0,"menu_order":0,"comment_status":"closed","ping_status":"closed","template":"","meta":{"_acf_changed":false,"footnotes":""},"class_list":["post-1000005316","page","type-page","status-publish","hentry"],"acf":[],"_links":{"self":[{"href":"https:\/\/breeder.directory\/lahar-kee\/tr\/wp-json\/wp\/v2\/pages\/1000005316","targetHints":{"allow":["GET"]}}],"collection":[{"href":"https:\/\/breeder.directory\/lahar-kee\/tr\/wp-json\/wp\/v2\/pages"}],"about":[{"href":"https:\/\/breeder.directory\/lahar-kee\/tr\/wp-json\/wp\/v2\/types\/page"}],"author":[{"embeddable":true,"href":"https:\/\/breeder.directory\/lahar-kee\/tr\/wp-json\/wp\/v2\/users\/1"}],"replies":[{"embeddable":true,"href":"https:\/\/breeder.directory\/lahar-kee\/tr\/wp-json\/wp\/v2\/comments?post=1000005316"}],"version-history":[{"count":0,"href":"https:\/\/breeder.directory\/lahar-kee\/tr\/wp-json\/wp\/v2\/pages\/1000005316\/revisions"}],"wp:attachment":[{"href":"https:\/\/breeder.directory\/lahar-kee\/tr\/wp-json\/wp\/v2\/media?parent=1000005316"}],"curies":[{"name":"wp","href":"https:\/\/api.w.org\/{rel}","templated":true}]}}